{"id":9402,"date":"2021-08-05T10:05:16","date_gmt":"2021-08-05T03:05:16","guid":{"rendered":"https:\/\/www.the-storefront.club\/?post_type=product&#038;p=9402"},"modified":"2024-06-25T15:29:26","modified_gmt":"2024-06-25T08:29:26","slug":"enola-does-anyone-else","status":"publish","type":"product","link":"https:\/\/www.the-storefront.com\/id\/produk\/enola-does-anyone-else\/","title":{"rendered":"Enola &#8211; Does Anyone Else"},"content":{"rendered":"<p><strong>Daftar lagu: <\/strong><\/p>\n<ol>\n<li><span class=\"track-title\">\u015a\u016bnyat\u0101<\/span><\/li>\n<li>Fill the Void<\/li>\n<li>Blue Waves ft. Angeeta Sentana<\/li>\n<li>Does Anyone Else<\/li>\n<li>Skin to Skin<\/li>\n<\/ol>\n<p>Pembelian mencakup: Unduhan MP3 digital dengan kualitas 320kbps.<\/p>","protected":false},"excerpt":{"rendered":"<p><strong>Preview Track: Blue Waves<\/strong><\/p>\n[audio mp3=\"https:\/\/static.the-storefront.club\/uploads\/2021\/08\/03-Blue-Waves-ft.-Angeeta-Sentana-1.mp3\"][\/audio]\n<p>&nbsp;<\/p>\n<p>A shoegaze quartet from Surabaya that was formed in 2019. Enola consists of Adi Fikri on drums and vocals, Ayis on guitar and Dwiki on bass and vocals. Enola music is heavily influenced by bands such as Seventeen Years Old And Berlin Walls, Slowdive, Low and Jesu. Overall Does Ayyone Else from Enola is very gloomy, heavy and noisy.<\/p>\n<p><em>Komentar Kami:\u00a0<\/em><\/p>\n<p><em>\u201cWelcoming Enola, a new-ish band that is both exciting and noisy! If you love some shoegaze goodness, pick this one up!&#8221;<\/em><\/p>","protected":false},"featured_media":9404,"template":"","meta":{"twitterCardType":"","cardImageID":0,"cardImage":"","cardTitle":"","cardDesc":"","cardImageAlt":"","cardPlayer":"","cardPlayerWidth":0,"cardPlayerHeight":0,"cardPlayerStream":"","cardPlayerCodec":""},"product_brand":[],"product_cat":[38],"product_tag":[66],"class_list":{"0":"post-9402","1":"product","2":"type-product","3":"status-publish","4":"has-post-thumbnail","6":"product_cat-ep","7":"product_tag-shoegaze","9":"first","10":"instock","11":"downloadable","12":"virtual","13":"taxable","14":"purchasable","15":"product-type-simple"},"featured_image_urls_v2":{"full":["https:\/\/static.the-storefront.com\/uploads\/2021\/08\/1-Greedy-Dust.jpg",2000,2000,false],"thumbnail":["https:\/\/static.the-storefront.com\/uploads\/2021\/08\/1-Greedy-Dust-150x150.jpg",150,150,true],"medium":["https:\/\/static.the-storefront.com\/uploads\/2021\/08\/1-Greedy-Dust-300x300.jpg",300,300,true],"medium_large":["https:\/\/static.the-storefront.com\/uploads\/2021\/08\/1-Greedy-Dust-768x768.jpg",768,768,true],"large":["https:\/\/static.the-storefront.com\/uploads\/2021\/08\/1-Greedy-Dust-1024x1024.jpg",1024,1024,true],"1536x1536":["https:\/\/static.the-storefront.com\/uploads\/2021\/08\/1-Greedy-Dust-1536x1536.jpg",1536,1536,true],"2048x2048":["https:\/\/static.the-storefront.com\/uploads\/2021\/08\/1-Greedy-Dust.jpg",2000,2000,false],"trp-custom-language-flag":["https:\/\/static.the-storefront.com\/uploads\/2021\/08\/1-Greedy-Dust-12x12.jpg",12,12,true],"woocommerce_archive_thumbnail":["https:\/\/static.the-storefront.com\/uploads\/2021\/08\/1-Greedy-Dust.jpg",300,300,false],"woocommerce_thumbnail":["https:\/\/static.the-storefront.com\/uploads\/2021\/08\/1-Greedy-Dust-300x300.jpg",300,300,true],"woocommerce_single":["https:\/\/static.the-storefront.com\/uploads\/2021\/08\/1-Greedy-Dust-700x700.jpg",700,700,true],"woocommerce_gallery_thumbnail":["https:\/\/static.the-storefront.com\/uploads\/2021\/08\/1-Greedy-Dust-100x100.jpg",100,100,true]},"post_excerpt_stackable_v2":"<p><strong>Preview Track: Blue Waves<\/strong><\/p>\n[audio mp3=\"https:\/\/static.the-storefront.club\/uploads\/2021\/08\/03-Blue-Waves-ft.-Angeeta-Sentana-1.mp3\"][\/audio]\n<p>&nbsp;<\/p>\n<p>A shoegaze quartet from Surabaya that was formed in 2019. Enola consists of Adi Fikri on drums and vocals, Ayis on guitar and Dwiki on bass and vocals. Enola music is heavily influenced by bands such as Seventeen Years Old And Berlin Walls, Slowdive, Low and Jesu. Overall Does Ayyone Else from Enola is very gloomy, heavy and noisy.<\/p>\n<p><em>Staff Comments:\u00a0<\/em><\/p>\n<p><em>\u201cWelcoming Enola, a new-ish band that is both exciting and noisy! If you love some shoegaze goodness, pick this one up!&#8221;<\/em><\/p>\n","category_list_v2":"","author_info_v2":{"name":"","url":""},"comments_num_v2":"0 comments","_links":{"self":[{"href":"https:\/\/www.the-storefront.com\/id\/wp-json\/wp\/v2\/product\/9402","targetHints":{"allow":["GET"]}}],"collection":[{"href":"https:\/\/www.the-storefront.com\/id\/wp-json\/wp\/v2\/product"}],"about":[{"href":"https:\/\/www.the-storefront.com\/id\/wp-json\/wp\/v2\/types\/product"}],"wp:featuredmedia":[{"embeddable":true,"href":"https:\/\/www.the-storefront.com\/id\/wp-json\/wp\/v2\/media\/9404"}],"wp:attachment":[{"href":"https:\/\/www.the-storefront.com\/id\/wp-json\/wp\/v2\/media?parent=9402"}],"wp:term":[{"taxonomy":"product_brand","embeddable":true,"href":"https:\/\/www.the-storefront.com\/id\/wp-json\/wp\/v2\/product_brand?post=9402"},{"taxonomy":"product_cat","embeddable":true,"href":"https:\/\/www.the-storefront.com\/id\/wp-json\/wp\/v2\/product_cat?post=9402"},{"taxonomy":"product_tag","embeddable":true,"href":"https:\/\/www.the-storefront.com\/id\/wp-json\/wp\/v2\/product_tag?post=9402"}],"curies":[{"name":"wp","href":"https:\/\/api.w.org\/{rel}","templated":true}]}}