{"id":13936,"date":"2022-05-26T22:40:20","date_gmt":"2022-05-26T15:40:20","guid":{"rendered":"https:\/\/www.the-storefront.com\/?post_type=product&#038;p=13936"},"modified":"2022-05-26T22:40:53","modified_gmt":"2022-05-26T15:40:53","slug":"danudjaditya-distopia","status":"publish","type":"product","link":"https:\/\/www.the-storefront.com\/id\/produk\/danudjaditya-distopia\/","title":{"rendered":"Danudjaditya &#8211; Dist\u00f6pia"},"content":{"rendered":"<p><strong>Daftar lagu:<br \/>\n<\/strong><\/p>\n<ol>\n<li>Suay Marabahara<\/li>\n<li>Buyar Seketika<\/li>\n<li>Somr\u00e4 Lantur<\/li>\n<li>Canda Satwa<\/li>\n<li>P\u00fcrge Track<\/li>\n<li>Adiksi Atensi<\/li>\n<li>\u00d6cknut Apar\u00e4m<\/li>\n<li>Pasak Kunci<\/li>\n<li>K\u00f6mprad\u00f6r<\/li>\n<\/ol>\n<p>Includes: Digital download in 320kbps MP3, exclusive digital booklet, and .WAV format by request.<\/p>","protected":false},"excerpt":{"rendered":"<p><strong>Preview Track: Pasak Kunci<\/strong><\/p>\n[audio mp3=\"https:\/\/static.the-storefront.com\/uploads\/2022\/05\/Track-08-Pasak-Kunci-1.mp3\"][\/audio]\n<p>After releasing 4 singles to digital streaming platforms over the past year, Danudjaditya will release a full album titled &#8220;Dist\u00f6pia&#8221; which will be released on May 20, 2022. This album contains 9 songs about greed, cruelty, and abuse of power. \u201cDist\u00f6pia\u201d is a fictional story that tells the story of a country called Nurans\u00e4th\u00e4. Where at first this country was a prosperous and wealthy country, until one night his own warlord named Uth\u00e4r\u00f6s seized power by force by stabbing King of Nurans\u00e4th\u00e4 head with a sword. Dist\u00f6pia&#8217;s artwork also depicts the silence and gloom of the land of Nurans\u00e4th\u00e4 which is shown in red like blood. Not only that, the figure of someone who looks helpless wrapped in cloth but in his heart wants to rebel is also highlighted by Resharris as the creator of this work. &#8220;The figure is the interpretation of the people of Nurans\u00e4th\u00e4 who are being hit by difficult circumstances and shut themselves off from others due to a lack of trust in one another,&#8221; said Resharrris.<\/p>","protected":false},"featured_media":13937,"template":"","meta":{"twitterCardType":"","cardImageID":0,"cardImage":"","cardTitle":"","cardDesc":"","cardImageAlt":"","cardPlayer":"","cardPlayerWidth":0,"cardPlayerHeight":0,"cardPlayerStream":"","cardPlayerCodec":""},"product_brand":[],"product_cat":[42],"product_tag":[108,68,53],"class_list":{"0":"post-13936","1":"product","2":"type-product","3":"status-publish","4":"has-post-thumbnail","6":"product_cat-lp","7":"product_tag-metal","8":"product_tag-punk","9":"product_tag-rock","11":"first","12":"instock","13":"downloadable","14":"virtual","15":"taxable","16":"purchasable","17":"product-type-simple"},"featured_image_urls_v2":{"full":["https:\/\/static.the-storefront.com\/uploads\/2022\/05\/Cover-art-Aditya-Danudja-scaled.jpg",2560,2560,false],"thumbnail":["https:\/\/static.the-storefront.com\/uploads\/2022\/05\/Cover-art-Aditya-Danudja-150x150.jpg",150,150,true],"medium":["https:\/\/static.the-storefront.com\/uploads\/2022\/05\/Cover-art-Aditya-Danudja-300x300.jpg",300,300,true],"medium_large":["https:\/\/static.the-storefront.com\/uploads\/2022\/05\/Cover-art-Aditya-Danudja-768x768.jpg",768,768,true],"large":["https:\/\/static.the-storefront.com\/uploads\/2022\/05\/Cover-art-Aditya-Danudja-1024x1024.jpg",1024,1024,true],"1536x1536":["https:\/\/static.the-storefront.com\/uploads\/2022\/05\/Cover-art-Aditya-Danudja-1536x1536.jpg",1536,1536,true],"2048x2048":["https:\/\/static.the-storefront.com\/uploads\/2022\/05\/Cover-art-Aditya-Danudja-2048x2048.jpg",2048,2048,true],"trp-custom-language-flag":["https:\/\/static.the-storefront.com\/uploads\/2022\/05\/Cover-art-Aditya-Danudja-12x12.jpg",12,12,true],"woocommerce_archive_thumbnail":["https:\/\/static.the-storefront.com\/uploads\/2022\/05\/Cover-art-Aditya-Danudja-scaled.jpg",300,300,false],"woocommerce_thumbnail":["https:\/\/static.the-storefront.com\/uploads\/2022\/05\/Cover-art-Aditya-Danudja-300x300.jpg",300,300,true],"woocommerce_single":["https:\/\/static.the-storefront.com\/uploads\/2022\/05\/Cover-art-Aditya-Danudja-700x700.jpg",700,700,true],"woocommerce_gallery_thumbnail":["https:\/\/static.the-storefront.com\/uploads\/2022\/05\/Cover-art-Aditya-Danudja-100x100.jpg",100,100,true]},"post_excerpt_stackable_v2":"<p><strong>Preview Track: Pasak Kunci<\/strong><\/p>\n[audio mp3=\"https:\/\/static.the-storefront.com\/uploads\/2022\/05\/Track-08-Pasak-Kunci-1.mp3\"][\/audio]\n<p>After releasing 4 singles to digital streaming platforms over the past year, Danudjaditya will release a full album titled &#8220;Dist\u00f6pia&#8221; which will be released on May 20, 2022. This album contains 9 songs about greed, cruelty, and abuse of power. \u201cDist\u00f6pia\u201d is a fictional story that tells the story of a country called Nurans\u00e4th\u00e4. Where at first this country was a prosperous and wealthy country, until one night his own warlord named Uth\u00e4r\u00f6s seized power by force by stabbing King of Nurans\u00e4th\u00e4 head with a sword. Dist\u00f6pia&#8217;s artwork also depicts the silence and gloom of the land of Nurans\u00e4th\u00e4 which is shown in red like blood. Not only that, the figure of someone who looks helpless wrapped in cloth but in his heart wants to rebel is also highlighted by Resharris as the creator of this work. &#8220;The figure is the interpretation of the people of Nurans\u00e4th\u00e4 who are being hit by difficult circumstances and shut themselves off from others due to a lack of trust in one another,&#8221; said Resharrris.<\/p>\n","category_list_v2":"","author_info_v2":{"name":"","url":""},"comments_num_v2":"0 comments","_links":{"self":[{"href":"https:\/\/www.the-storefront.com\/id\/wp-json\/wp\/v2\/product\/13936","targetHints":{"allow":["GET"]}}],"collection":[{"href":"https:\/\/www.the-storefront.com\/id\/wp-json\/wp\/v2\/product"}],"about":[{"href":"https:\/\/www.the-storefront.com\/id\/wp-json\/wp\/v2\/types\/product"}],"wp:featuredmedia":[{"embeddable":true,"href":"https:\/\/www.the-storefront.com\/id\/wp-json\/wp\/v2\/media\/13937"}],"wp:attachment":[{"href":"https:\/\/www.the-storefront.com\/id\/wp-json\/wp\/v2\/media?parent=13936"}],"wp:term":[{"taxonomy":"product_brand","embeddable":true,"href":"https:\/\/www.the-storefront.com\/id\/wp-json\/wp\/v2\/product_brand?post=13936"},{"taxonomy":"product_cat","embeddable":true,"href":"https:\/\/www.the-storefront.com\/id\/wp-json\/wp\/v2\/product_cat?post=13936"},{"taxonomy":"product_tag","embeddable":true,"href":"https:\/\/www.the-storefront.com\/id\/wp-json\/wp\/v2\/product_tag?post=13936"}],"curies":[{"name":"wp","href":"https:\/\/api.w.org\/{rel}","templated":true}]}}